{"id":126,"date":"2017-03-03T16:38:35","date_gmt":"2017-03-03T15:38:35","guid":{"rendered":"https:\/\/www.blackswanfoundation.ch\/boutique\/?post_type=product&#038;p=126"},"modified":"2017-12-08T17:08:04","modified_gmt":"2017-12-08T16:08:04","slug":"livre-de-recettes-les-soupes-de-ma-mere","status":"publish","type":"product","link":"https:\/\/www.blackswanfoundation.ch\/shop\/product\/livre-de-recettes-les-soupes-de-ma-mere\/","title":{"rendered":"Livre de recettes: \u00ab\u00a0Les soupes de ma m\u00eare!\u00a0\u00bb"},"content":{"rendered":"","protected":false},"excerpt":{"rendered":"<p>Un tr\u00e8s beau livre de recettes de plus de 90 soupes d\u00e9licieuses.<\/p>\n<p>\u00abPour pr\u00e9parer une soupe, on peut suivre scrupuleusement une recette et que celles que vous trouverez dans ce livre sont d\u00e9licieuses.\u00a0 Elles ont \u00e9t\u00e9 \u00e9labor\u00e9es avec l\u2019amour d\u2019une m\u00e8re, ce qui accentue encore leurs saveurs. Vous pouvez tout aussi bien y ajouter une touche personnelle; le r\u00e9sultat n\u2019en sera ni meilleur ni moins bon, votre recette deviendra simplement unique et rare\u00bb. Pr\u00e9face de Brigitte Rosset, com\u00e9dienne.<\/p>\n<p>Disponible aussi en allemand et italien.<\/p>\n<p>&nbsp;<\/p>\n","protected":false},"featured_media":171,"comment_status":"closed","ping_status":"closed","template":"","meta":{"wds_primary_product_brand":0,"wds_primary_product_cat":0},"product_brand":[],"product_cat":[9],"product_tag":[],"class_list":{"0":"post-126","1":"product","2":"type-product","3":"status-publish","4":"has-post-thumbnail","6":"product_cat-livres","8":"first","9":"instock","10":"shipping-taxable","11":"purchasable","12":"product-type-simple"},"_links":{"self":[{"href":"https:\/\/www.blackswanfoundation.ch\/shop\/wp-json\/wp\/v2\/product\/126","targetHints":{"allow":["GET"]}}],"collection":[{"href":"https:\/\/www.blackswanfoundation.ch\/shop\/wp-json\/wp\/v2\/product"}],"about":[{"href":"https:\/\/www.blackswanfoundation.ch\/shop\/wp-json\/wp\/v2\/types\/product"}],"replies":[{"embeddable":true,"href":"https:\/\/www.blackswanfoundation.ch\/shop\/wp-json\/wp\/v2\/comments?post=126"}],"wp:featuredmedia":[{"embeddable":true,"href":"https:\/\/www.blackswanfoundation.ch\/shop\/wp-json\/wp\/v2\/media\/171"}],"wp:attachment":[{"href":"https:\/\/www.blackswanfoundation.ch\/shop\/wp-json\/wp\/v2\/media?parent=126"}],"wp:term":[{"taxonomy":"product_brand","embeddable":true,"href":"https:\/\/www.blackswanfoundation.ch\/shop\/wp-json\/wp\/v2\/product_brand?post=126"},{"taxonomy":"product_cat","embeddable":true,"href":"https:\/\/www.blackswanfoundation.ch\/shop\/wp-json\/wp\/v2\/product_cat?post=126"},{"taxonomy":"product_tag","embeddable":true,"href":"https:\/\/www.blackswanfoundation.ch\/shop\/wp-json\/wp\/v2\/product_tag?post=126"}],"curies":[{"name":"wp","href":"https:\/\/api.w.org\/{rel}","templated":true}]}}